{"id":23183,"date":"2015-02-19T09:48:19","date_gmt":"2015-02-19T09:48:19","guid":{"rendered":"https:\/\/mediterraneanmalaga-coast.es\/real-estate-in-malaga-coast\/"},"modified":"2025-09-18T15:51:47","modified_gmt":"2025-09-18T13:51:47","slug":"contactenos","status":"publish","type":"page","link":"https:\/\/mediterraneanmalaga-coast.es\/es\/contactenos\/","title":{"rendered":"Contactenos"},"content":{"rendered":"\t\t<div data-elementor-type=\"wp-page\" data-elementor-id=\"23183\" class=\"elementor elementor-23183 elementor-5707\">\n\t\t\t\t\t\t<section class=\"elementor-section elementor-top-section elementor-element elementor-element-58e0a571 elementor-section-boxed elementor-section-height-default elementor-section-height-default\" data-id=\"58e0a571\" data-element_type=\"section\" data-settings=\"{&quot;background_background&quot;:&quot;classic&quot;}\">\n\t\t\t\t\t\t<div class=\"elementor-container elementor-column-gap-default\">\n\t\t\t\t\t<div class=\"elementor-column elementor-col-100 elementor-top-column elementor-element elementor-element-2a919007\" data-id=\"2a919007\" data-element_type=\"column\">\n\t\t\t<div class=\"elementor-widget-wrap elementor-element-populated\">\n\t\t\t\t\t\t<div class=\"elementor-element elementor-element-4c23fab elementor-widget elementor-widget-image\" data-id=\"4c23fab\" data-element_type=\"widget\" data-widget_type=\"image.default\">\n\t\t\t\t<div class=\"elementor-widget-container\">\n\t\t\t\t\t\t\t\t\t\t\t\t\t\t\t<img decoding=\"async\" width=\"150\" height=\"150\" src=\"https:\/\/mediterraneanmalaga-coast.es\/wp-content\/uploads\/2023\/10\/Logo-ASAP-Malaga-150x150.jpeg\" class=\"attachment-thumbnail size-thumbnail wp-image-26533\" alt=\"\" srcset=\"https:\/\/mediterraneanmalaga-coast.es\/wp-content\/uploads\/2023\/10\/Logo-ASAP-Malaga-150x150.jpeg 150w, https:\/\/mediterraneanmalaga-coast.es\/wp-content\/uploads\/2023\/10\/Logo-ASAP-Malaga-120x120.jpeg 120w, https:\/\/mediterraneanmalaga-coast.es\/wp-content\/uploads\/2023\/10\/Logo-ASAP-Malaga-45x45.jpeg 45w, https:\/\/mediterraneanmalaga-coast.es\/wp-content\/uploads\/2023\/10\/Logo-ASAP-Malaga-36x36.jpeg 36w\" sizes=\"(max-width: 150px) 100vw, 150px\" \/>\t\t\t\t\t\t\t\t\t\t\t\t\t\t\t<\/div>\n\t\t\t\t<\/div>\n\t\t\t\t<div class=\"elementor-element elementor-element-67e4a63f elementor-widget elementor-widget-text-editor\" data-id=\"67e4a63f\" data-element_type=\"widget\" data-widget_type=\"text-editor.default\">\n\t\t\t\t<div class=\"elementor-widget-container\">\n\t\t\t\t\t\t\t\t\t<p><strong>En Mediterranean M\u00e1laga Coast, expertos inmobiliarios<\/strong>, estamos encantados de ofrecerle <strong>nuestros servicios dise\u00f1ados para ayudarle a conseguir su Vivienda o Inversi\u00f3n Inmobiliaria a medida. <\/strong>Nos complace ofrecer un servicio excepcional a nuestros clientes y <strong>asegurarnos de que nuestros clientes est\u00e9n satisfechos con los resultados.<\/strong><\/p>\t\t\t\t\t\t\t\t<\/div>\n\t\t\t\t<\/div>\n\t\t\t\t<div class=\"elementor-element elementor-element-2dba503 elementor-widget elementor-widget-text-editor\" data-id=\"2dba503\" data-element_type=\"widget\" data-widget_type=\"text-editor.default\">\n\t\t\t\t<div class=\"elementor-widget-container\">\n\t\t\t\t\t\t\t\t\t<div><p><strong>Nuestros servicios incluyen:<\/strong><\/p><p> <\/p><\/div>\t\t\t\t\t\t\t\t<\/div>\n\t\t\t\t<\/div>\n\t\t\t\t<div class=\"elementor-element elementor-element-a89214e elementor-widget elementor-widget-text-editor\" data-id=\"a89214e\" data-element_type=\"widget\" data-widget_type=\"text-editor.default\">\n\t\t\t\t<div class=\"elementor-widget-container\">\n\t\t\t\t\t\t\t\t\t<ul>\n<li>An\u00e1lisis del mercado<\/li>\n<li>Valoraci\u00f3n de la propiedad<\/li>\n<li>Asesoramiento sobre Inversiones Inmobiliarias.<\/li>\n<li>Negociaci\u00f3n y apoyo a las transacciones<\/li>\n<li>Dise\u00f1o de interiores<\/li>\n<li>Renovaci\u00f3n&nbsp;&nbsp;<\/li>\n<li>Inspecci\u00f3n de la propiedad<\/li>\n<\/ul>\t\t\t\t\t\t\t\t<\/div>\n\t\t\t\t<\/div>\n\t\t\t\t\t<\/div>\n\t\t<\/div>\n\t\t\t\t\t<\/div>\n\t\t<\/section>\n\t\t\t\t<section class=\"elementor-section elementor-top-section elementor-element elementor-element-567f65b elementor-section-stretched elementor-section-boxed elementor-section-height-default elementor-section-height-default\" data-id=\"567f65b\" data-element_type=\"section\" data-settings=\"{&quot;stretch_section&quot;:&quot;section-stretched&quot;}\">\n\t\t\t\t\t\t\t<div class=\"elementor-background-overlay\"><\/div>\n\t\t\t\t\t\t\t<div class=\"elementor-container elementor-column-gap-default\">\n\t\t\t\t\t<div class=\"elementor-column elementor-col-100 elementor-top-column elementor-element elementor-element-02d60f5\" data-id=\"02d60f5\" data-element_type=\"column\">\n\t\t\t<div class=\"elementor-widget-wrap elementor-element-populated\">\n\t\t\t\t\t\t<div class=\"elementor-element elementor-element-cc69d7e elementor-invisible elementor-widget elementor-widget-heading\" data-id=\"cc69d7e\" data-element_type=\"widget\" data-settings=\"{&quot;_animation&quot;:&quot;fadeIn&quot;,&quot;_animation_delay&quot;:100}\" data-widget_type=\"heading.default\">\n\t\t\t\t<div class=\"elementor-widget-container\">\n\t\t\t\t\t<h2 class=\"elementor-heading-title elementor-size-default\">P\u00f3ngase en contacto con nosotros para obtener m\u00e1s informaci\u00f3n o solicitar una videollamada.<\/h2>\t\t\t\t<\/div>\n\t\t\t\t<\/div>\n\t\t\t\t<div class=\"elementor-element elementor-element-750c302 elementor-invisible elementor-widget elementor-widget-text-editor\" data-id=\"750c302\" data-element_type=\"widget\" data-settings=\"{&quot;_animation&quot;:&quot;fadeIn&quot;,&quot;_animation_delay&quot;:100}\" data-widget_type=\"text-editor.default\">\n\t\t\t\t<div class=\"elementor-widget-container\">\n\t\t\t\t\t\t\t\t\t<p>Victoria Sanchez Rajula &#8211; Consultora Inmobiliaria<\/p>\t\t\t\t\t\t\t\t<\/div>\n\t\t\t\t<\/div>\n\t\t\t\t<div class=\"elementor-element elementor-element-8ea8381 elementor-button-align-center elementor-widget elementor-widget-WpResidence_Contact_Form_Builder\" data-id=\"8ea8381\" data-element_type=\"widget\" data-widget_type=\"WpResidence_Contact_Form_Builder.default\">\n\t\t\t\t<div class=\"elementor-widget-container\">\n\t\t\t\t\t\n\n\n\n\n        <form class=\"elementor-form wpresidence_elementor_form wpestate_contact_form_parent\"  id=\"wpresidence-elementor-form-8ea8381\" method=\"post\" >\n            <div class=\"alert-box error\">\n                <div class=\"alert-message\" id=\"alert-agent-contact\"><\/div>\n            <\/div>\n            <input name=\"prop_id\" type=\"hidden\"  id=\"agent_property_id\" value=\"\">\n            <input name=\"prop_id\" type=\"hidden\"  id=\"agent_id\" value=\"\">\n            <input name=\"prop_id\" type=\"hidden\"  id=\"contact_form_elementor\" value=\"1\">\n            <input type=\"hidden\" name=\"contact_ajax_nonce\" id=\"agent_property_ajax_nonce\"  value=\"8a8c1a8640\" \/>\n\n            \n            \n            <input type=\"hidden\" id=\"wpresidence_form_id\" name=\"wpresidence_form_id\" value=\"wpresidence_form_7883\" \/>\n        \n            <input type=\"hidden\" id=\"elementor_email_subject\" name=\"email_suject\" value=\"Formulario contacto de Mediterranean M\u00e1laga Coast\" \/>\n\n\n            <div class=\"elementor-form-fields-wrapper elementor-labels-above\">\n        <div class=\"elementor-field-group elementor-column form-group elementor-field-group-name elementor-field-required elementor-col-50\"><label for=\"form-field-name\" class=\"elementor-field-label\">Last name*<\/label><input type=\"text\" name=\"last_name\" id=\"form-field-name\" class=\"elementor-field form-control elementor-size-sm elementor-field-textual\" required=\"required\" placeholder=\"Last name\"><\/div><div class=\"elementor-field-group elementor-column form-group elementor-field-group-5217b40 elementor-field-required elementor-col-50\"><label for=\"form-field-5217b40\" class=\"elementor-field-label\">First name*<\/label><input type=\"text\" name=\"first_name\" id=\"form-field-5217b40\" class=\"elementor-field form-control elementor-size-sm elementor-field-textual\" required=\"required\" placeholder=\"First name\"><\/div><div class=\"elementor-field-group elementor-column form-group elementor-field-group-email elementor-field-required elementor-col-50\"><label for=\"form-field-email\" class=\"elementor-field-label\">Email*<\/label><input type=\"email\" name=\"email\" id=\"form-field-email\" class=\"elementor-field form-control elementor-size-sm elementor-field-textual\" required=\"required\" placeholder=\"Email\"><\/div><div class=\"elementor-field-group elementor-column form-group elementor-field-group-e5a3521 elementor-col-50\"><label for=\"form-field-e5a3521\" class=\"elementor-field-label\">Mobile<\/label><input type=\"text\" name=\"mobile\" id=\"form-field-e5a3521\" class=\"elementor-field form-control elementor-size-sm elementor-field-textual\" placeholder=\"Mobile\"><\/div><div class=\"elementor-field-group elementor-column form-group elementor-field-group-message elementor-col-100\"><label for=\"form-field-message\" class=\"elementor-field-label\">Message<\/label><textarea class=\"form-control elementor-field-textual elementor-field elementor-size-sm\" name=\"message\" id=\"form-field-message\" rows=\"4\" placeholder=\"Message\"><\/textarea><\/div>\n                <div class=\"elementor-field-group elementor-column elementor-field-type-submit elementor-col-100\">\n                            <button type=\"submit\" class=\"agent_submit_class_elementor wpresidence_button wpresidence_button_elementor elementor-button elementor-size-sm\">\n                    Send Email                            <\/button>\n\n                <\/div>\n            <\/div>\n\n\n\n        <\/form>\n\n\n\n\n        \t\t\t\t<\/div>\n\t\t\t\t<\/div>\n\t\t\t\t\t<\/div>\n\t\t<\/div>\n\t\t\t\t\t<\/div>\n\t\t<\/section>\n\t\t\t\t<\/div>\n\t\t","protected":false},"excerpt":{"rendered":"<p>En Mediterranean M\u00e1laga Coast, expertos inmobiliarios, estamos encantados de ofrecerle nuestros servicios dise\u00f1ados para ayudarle a conseguir su Vivienda o Inversi\u00f3n Inmobiliaria a medida. Nos complace ofrecer un servicio excepcional a nuestros clientes y asegurarnos de que nuestros clientes est\u00e9n satisfechos con los resultados. Nuestros servicios incluyen: An\u00e1lisis del mercado Valoraci\u00f3n de la propiedad Asesoramiento sobre Inversiones Inmobiliarias. Negociaci\u00f3n y apoyo a las transacciones &#8230;<\/p>\n","protected":false},"author":1,"featured_media":0,"parent":0,"menu_order":0,"comment_status":"closed","ping_status":"closed","template":"","meta":{"inline_featured_image":false,"footnotes":""},"class_list":["post-23183","page","type-page","status-publish","hentry"],"yoast_head":"<!-- This site is optimized with the Yoast SEO plugin v25.9 - https:\/\/yoast.com\/wordpress\/plugins\/seo\/ -->\n<title>Contactenos - Mediterranean Malaga Coast<\/title>\n<meta name=\"robots\" content=\"index, follow, max-snippet:-1, max-image-preview:large, max-video-preview:-1\" \/>\n<link rel=\"canonical\" href=\"https:\/\/mediterraneanmalaga-coast.es\/es\/contactenos\/\" \/>\n<meta property=\"og:locale\" content=\"es_ES\" \/>\n<meta property=\"og:type\" content=\"article\" \/>\n<meta property=\"og:title\" content=\"Contactenos - Mediterranean Malaga Coast\" \/>\n<meta property=\"og:description\" content=\"En Mediterranean M\u00e1laga Coast, expertos inmobiliarios, estamos encantados de ofrecerle nuestros servicios dise\u00f1ados para ayudarle a conseguir su Vivienda o Inversi\u00f3n Inmobiliaria a medida. Nos complace ofrecer un servicio excepcional a nuestros clientes y asegurarnos de que nuestros clientes est\u00e9n satisfechos con los resultados. Nuestros servicios incluyen: An\u00e1lisis del mercado Valoraci\u00f3n de la propiedad Asesoramiento sobre Inversiones Inmobiliarias. Negociaci\u00f3n y apoyo a las transacciones ...\" \/>\n<meta property=\"og:url\" content=\"https:\/\/mediterraneanmalaga-coast.es\/es\/contactenos\/\" \/>\n<meta property=\"og:site_name\" content=\"Mediterranean Malaga Coast\" \/>\n<meta property=\"article:modified_time\" content=\"2025-09-18T13:51:47+00:00\" \/>\n<meta property=\"og:image\" content=\"https:\/\/mediterraneanmalaga-coast.es\/wp-content\/uploads\/2023\/10\/Logo-ASAP-Malaga-150x150.jpeg\" \/>\n<meta name=\"twitter:card\" content=\"summary_large_image\" \/>\n<meta name=\"twitter:label1\" content=\"Tiempo de lectura\" \/>\n\t<meta name=\"twitter:data1\" content=\"1 minuto\" \/>\n<script type=\"application\/ld+json\" class=\"yoast-schema-graph\">{\"@context\":\"https:\/\/schema.org\",\"@graph\":[{\"@type\":\"WebPage\",\"@id\":\"https:\/\/mediterraneanmalaga-coast.es\/es\/contactenos\/\",\"url\":\"https:\/\/mediterraneanmalaga-coast.es\/es\/contactenos\/\",\"name\":\"Contactenos - Mediterranean Malaga Coast\",\"isPartOf\":{\"@id\":\"https:\/\/mediterraneanmalaga-coast.es\/es\/#website\"},\"primaryImageOfPage\":{\"@id\":\"https:\/\/mediterraneanmalaga-coast.es\/es\/contactenos\/#primaryimage\"},\"image\":{\"@id\":\"https:\/\/mediterraneanmalaga-coast.es\/es\/contactenos\/#primaryimage\"},\"thumbnailUrl\":\"https:\/\/mediterraneanmalaga-coast.es\/wp-content\/uploads\/2023\/10\/Logo-ASAP-Malaga-150x150.jpeg\",\"datePublished\":\"2015-02-19T09:48:19+00:00\",\"dateModified\":\"2025-09-18T13:51:47+00:00\",\"breadcrumb\":{\"@id\":\"https:\/\/mediterraneanmalaga-coast.es\/es\/contactenos\/#breadcrumb\"},\"inLanguage\":\"es\",\"potentialAction\":[{\"@type\":\"ReadAction\",\"target\":[\"https:\/\/mediterraneanmalaga-coast.es\/es\/contactenos\/\"]}]},{\"@type\":\"ImageObject\",\"inLanguage\":\"es\",\"@id\":\"https:\/\/mediterraneanmalaga-coast.es\/es\/contactenos\/#primaryimage\",\"url\":\"https:\/\/mediterraneanmalaga-coast.es\/wp-content\/uploads\/2023\/10\/Logo-ASAP-Malaga-150x150.jpeg\",\"contentUrl\":\"https:\/\/mediterraneanmalaga-coast.es\/wp-content\/uploads\/2023\/10\/Logo-ASAP-Malaga-150x150.jpeg\"},{\"@type\":\"BreadcrumbList\",\"@id\":\"https:\/\/mediterraneanmalaga-coast.es\/es\/contactenos\/#breadcrumb\",\"itemListElement\":[{\"@type\":\"ListItem\",\"position\":1,\"name\":\"Home\",\"item\":\"https:\/\/mediterraneanmalaga-coast.es\/es\/\"},{\"@type\":\"ListItem\",\"position\":2,\"name\":\"Contacto\"}]},{\"@type\":\"WebSite\",\"@id\":\"https:\/\/mediterraneanmalaga-coast.es\/es\/#website\",\"url\":\"https:\/\/mediterraneanmalaga-coast.es\/es\/\",\"name\":\"Mediterranean Malaga Coast\",\"description\":\"Real Estate Consultant\",\"publisher\":{\"@id\":\"https:\/\/mediterraneanmalaga-coast.es\/es\/#organization\"},\"potentialAction\":[{\"@type\":\"SearchAction\",\"target\":{\"@type\":\"EntryPoint\",\"urlTemplate\":\"https:\/\/mediterraneanmalaga-coast.es\/es\/?s={search_term_string}\"},\"query-input\":{\"@type\":\"PropertyValueSpecification\",\"valueRequired\":true,\"valueName\":\"search_term_string\"}}],\"inLanguage\":\"es\"},{\"@type\":\"Organization\",\"@id\":\"https:\/\/mediterraneanmalaga-coast.es\/es\/#organization\",\"name\":\"Mediterranean Malaga Coast\",\"url\":\"https:\/\/mediterraneanmalaga-coast.es\/es\/\",\"logo\":{\"@type\":\"ImageObject\",\"inLanguage\":\"es\",\"@id\":\"https:\/\/mediterraneanmalaga-coast.es\/es\/#\/schema\/logo\/image\/\",\"url\":\"https:\/\/mediterraneanmalaga-coast.es\/wp-content\/uploads\/2023\/10\/logo-1-s.png\",\"contentUrl\":\"https:\/\/mediterraneanmalaga-coast.es\/wp-content\/uploads\/2023\/10\/logo-1-s.png\",\"width\":109,\"height\":68,\"caption\":\"Mediterranean Malaga Coast\"},\"image\":{\"@id\":\"https:\/\/mediterraneanmalaga-coast.es\/es\/#\/schema\/logo\/image\/\"}}]}<\/script>\n<!-- \/ Yoast SEO plugin. -->","yoast_head_json":{"title":"Contactenos - Mediterranean Malaga Coast","robots":{"index":"index","follow":"follow","max-snippet":"max-snippet:-1","max-image-preview":"max-image-preview:large","max-video-preview":"max-video-preview:-1"},"canonical":"https:\/\/mediterraneanmalaga-coast.es\/es\/contactenos\/","og_locale":"es_ES","og_type":"article","og_title":"Contactenos - Mediterranean Malaga Coast","og_description":"En Mediterranean M\u00e1laga Coast, expertos inmobiliarios, estamos encantados de ofrecerle nuestros servicios dise\u00f1ados para ayudarle a conseguir su Vivienda o Inversi\u00f3n Inmobiliaria a medida. Nos complace ofrecer un servicio excepcional a nuestros clientes y asegurarnos de que nuestros clientes est\u00e9n satisfechos con los resultados. Nuestros servicios incluyen: An\u00e1lisis del mercado Valoraci\u00f3n de la propiedad Asesoramiento sobre Inversiones Inmobiliarias. Negociaci\u00f3n y apoyo a las transacciones ...","og_url":"https:\/\/mediterraneanmalaga-coast.es\/es\/contactenos\/","og_site_name":"Mediterranean Malaga Coast","article_modified_time":"2025-09-18T13:51:47+00:00","og_image":[{"url":"https:\/\/mediterraneanmalaga-coast.es\/wp-content\/uploads\/2023\/10\/Logo-ASAP-Malaga-150x150.jpeg","type":"","width":"","height":""}],"twitter_card":"summary_large_image","twitter_misc":{"Tiempo de lectura":"1 minuto"},"schema":{"@context":"https:\/\/schema.org","@graph":[{"@type":"WebPage","@id":"https:\/\/mediterraneanmalaga-coast.es\/es\/contactenos\/","url":"https:\/\/mediterraneanmalaga-coast.es\/es\/contactenos\/","name":"Contactenos - Mediterranean Malaga Coast","isPartOf":{"@id":"https:\/\/mediterraneanmalaga-coast.es\/es\/#website"},"primaryImageOfPage":{"@id":"https:\/\/mediterraneanmalaga-coast.es\/es\/contactenos\/#primaryimage"},"image":{"@id":"https:\/\/mediterraneanmalaga-coast.es\/es\/contactenos\/#primaryimage"},"thumbnailUrl":"https:\/\/mediterraneanmalaga-coast.es\/wp-content\/uploads\/2023\/10\/Logo-ASAP-Malaga-150x150.jpeg","datePublished":"2015-02-19T09:48:19+00:00","dateModified":"2025-09-18T13:51:47+00:00","breadcrumb":{"@id":"https:\/\/mediterraneanmalaga-coast.es\/es\/contactenos\/#breadcrumb"},"inLanguage":"es","potentialAction":[{"@type":"ReadAction","target":["https:\/\/mediterraneanmalaga-coast.es\/es\/contactenos\/"]}]},{"@type":"ImageObject","inLanguage":"es","@id":"https:\/\/mediterraneanmalaga-coast.es\/es\/contactenos\/#primaryimage","url":"https:\/\/mediterraneanmalaga-coast.es\/wp-content\/uploads\/2023\/10\/Logo-ASAP-Malaga-150x150.jpeg","contentUrl":"https:\/\/mediterraneanmalaga-coast.es\/wp-content\/uploads\/2023\/10\/Logo-ASAP-Malaga-150x150.jpeg"},{"@type":"BreadcrumbList","@id":"https:\/\/mediterraneanmalaga-coast.es\/es\/contactenos\/#breadcrumb","itemListElement":[{"@type":"ListItem","position":1,"name":"Home","item":"https:\/\/mediterraneanmalaga-coast.es\/es\/"},{"@type":"ListItem","position":2,"name":"Contacto"}]},{"@type":"WebSite","@id":"https:\/\/mediterraneanmalaga-coast.es\/es\/#website","url":"https:\/\/mediterraneanmalaga-coast.es\/es\/","name":"Mediterranean Malaga Coast","description":"Real Estate Consultant","publisher":{"@id":"https:\/\/mediterraneanmalaga-coast.es\/es\/#organization"},"potentialAction":[{"@type":"SearchAction","target":{"@type":"EntryPoint","urlTemplate":"https:\/\/mediterraneanmalaga-coast.es\/es\/?s={search_term_string}"},"query-input":{"@type":"PropertyValueSpecification","valueRequired":true,"valueName":"search_term_string"}}],"inLanguage":"es"},{"@type":"Organization","@id":"https:\/\/mediterraneanmalaga-coast.es\/es\/#organization","name":"Mediterranean Malaga Coast","url":"https:\/\/mediterraneanmalaga-coast.es\/es\/","logo":{"@type":"ImageObject","inLanguage":"es","@id":"https:\/\/mediterraneanmalaga-coast.es\/es\/#\/schema\/logo\/image\/","url":"https:\/\/mediterraneanmalaga-coast.es\/wp-content\/uploads\/2023\/10\/logo-1-s.png","contentUrl":"https:\/\/mediterraneanmalaga-coast.es\/wp-content\/uploads\/2023\/10\/logo-1-s.png","width":109,"height":68,"caption":"Mediterranean Malaga Coast"},"image":{"@id":"https:\/\/mediterraneanmalaga-coast.es\/es\/#\/schema\/logo\/image\/"}}]}},"_links":{"self":[{"href":"https:\/\/mediterraneanmalaga-coast.es\/es\/wp-json\/wp\/v2\/pages\/23183","targetHints":{"allow":["GET"]}}],"collection":[{"href":"https:\/\/mediterraneanmalaga-coast.es\/es\/wp-json\/wp\/v2\/pages"}],"about":[{"href":"https:\/\/mediterraneanmalaga-coast.es\/es\/wp-json\/wp\/v2\/types\/page"}],"author":[{"embeddable":true,"href":"https:\/\/mediterraneanmalaga-coast.es\/es\/wp-json\/wp\/v2\/users\/1"}],"replies":[{"embeddable":true,"href":"https:\/\/mediterraneanmalaga-coast.es\/es\/wp-json\/wp\/v2\/comments?post=23183"}],"version-history":[{"count":2,"href":"https:\/\/mediterraneanmalaga-coast.es\/es\/wp-json\/wp\/v2\/pages\/23183\/revisions"}],"predecessor-version":[{"id":28234,"href":"https:\/\/mediterraneanmalaga-coast.es\/es\/wp-json\/wp\/v2\/pages\/23183\/revisions\/28234"}],"wp:attachment":[{"href":"https:\/\/mediterraneanmalaga-coast.es\/es\/wp-json\/wp\/v2\/media?parent=23183"}],"curies":[{"name":"wp","href":"https:\/\/api.w.org\/{rel}","templated":true}]}}