{"id":23166,"date":"2023-04-21T14:49:54","date_gmt":"2023-04-21T14:49:54","guid":{"rendered":"https:\/\/mediterraneanmalaga-coast.es\/interiorism-designer\/"},"modified":"2023-06-27T16:14:56","modified_gmt":"2023-06-27T16:14:56","slug":"interiorism-designer","status":"publish","type":"page","link":"https:\/\/mediterraneanmalaga-coast.es\/es\/interiorism-designer\/","title":{"rendered":"Dise\u00f1o de interiores"},"content":{"rendered":"\t\t<div data-elementor-type=\"wp-page\" data-elementor-id=\"23166\" class=\"elementor elementor-23166 elementor-21366\">\n\t\t\t\t\t\t<section class=\"elementor-section elementor-top-section elementor-element elementor-element-ebc3eee elementor-section-boxed elementor-section-height-default elementor-section-height-default\" data-id=\"ebc3eee\" data-element_type=\"section\">\n\t\t\t\t\t\t<div class=\"elementor-container elementor-column-gap-default\">\n\t\t\t\t\t<div class=\"elementor-column elementor-col-100 elementor-top-column elementor-element elementor-element-6e47340\" data-id=\"6e47340\" data-element_type=\"column\">\n\t\t\t<div class=\"elementor-widget-wrap elementor-element-populated\">\n\t\t\t\t\t\t<div class=\"elementor-element elementor-element-d8a1a67 elementor-widget elementor-widget-slider_revolution\" data-id=\"d8a1a67\" data-element_type=\"widget\" data-widget_type=\"slider_revolution.default\">\n\t\t\t\t<div class=\"elementor-widget-container\">\n\t\t\t\t\t\n\t\t<div class=\"wp-block-themepunch-revslider\">\n\t\t\t<!-- START Dise\u00f1o interior 3 1 REVOLUTION SLIDER 6.7.37 --><p class=\"rs-p-wp-fix\"><\/p>\n\t\t\t<rs-module-wrap id=\"rev_slider_13_1_wrapper\" data-source=\"gallery\" style=\"visibility:hidden;background:transparent;padding:0;margin:0px auto;margin-top:0;margin-bottom:0;\">\n\t\t\t\t<rs-module id=\"rev_slider_13_1\" style=\"\" data-version=\"6.7.37\">\n\t\t\t\t\t<rs-slides style=\"overflow: hidden; position: absolute;\">\n\t\t\t\t\t\t<rs-slide style=\"position: absolute;\" data-key=\"rs-65\" data-title=\"Slide\" data-in=\"o:0;\" data-out=\"a:false;\">\n\t\t\t\t\t\t\t<img fetchpriority=\"high\" decoding=\"async\" src=\"\/\/mediterraneanmalaga-coast.es\/wp-content\/plugins\/revslider\/sr6\/assets\/assets\/dummy.png\" alt=\"\" title=\"Pagina-dise\u00f1o\" width=\"1024\" height=\"400\" class=\"rev-slidebg tp-rs-img rs-lazyload\" data-lazyload=\"\/\/mediterraneanmalaga-coast.es\/wp-content\/uploads\/2023\/05\/Pagina-diseno.jpg\" data-no-retina>\n<!---->\t\t\t\t\t<\/rs-slide>\n\t\t\t\t\t\t<rs-slide style=\"position: absolute;\" data-key=\"rs-67\" data-title=\"Slide\" data-in=\"o:0;\" data-out=\"a:false;\">\n\t\t\t\t\t\t\t<img decoding=\"async\" src=\"\/\/mediterraneanmalaga-coast.es\/wp-content\/plugins\/revslider\/sr6\/assets\/assets\/dummy.png\" alt=\"\" title=\"Web-design\" width=\"1024\" height=\"400\" class=\"rev-slidebg tp-rs-img rs-lazyload\" data-lazyload=\"\/\/mediterraneanmalaga-coast.es\/wp-content\/uploads\/2023\/05\/Web-design-1.jpg\" data-no-retina>\n<!---->\t\t\t\t\t<\/rs-slide>\n\t\t\t\t\t<\/rs-slides>\n\t\t\t\t<\/rs-module>\n\t\t\t\t<script>\n\t\t\t\t\tsetREVStartSize({c: 'rev_slider_13_1',rl:[1240,1024,778,480],el:[400],gw:[1240],gh:[400],type:'standard',justify:'',layout:'fullwidth',mh:\"0\"});if (window.RS_MODULES!==undefined && window.RS_MODULES.modules!==undefined && window.RS_MODULES.modules[\"revslider131\"]!==undefined) {window.RS_MODULES.modules[\"revslider131\"].once = false;window.revapi13 = undefined;if (window.RS_MODULES.checkMinimal!==undefined) window.RS_MODULES.checkMinimal()}\n\t\t\t\t<\/script>\n\t\t\t<\/rs-module-wrap>\n\t\t\t<!-- END REVOLUTION SLIDER -->\n<\/div>\n\n\t\t\t\t\t\t<\/div>\n\t\t\t\t<\/div>\n\t\t\t\t\t<\/div>\n\t\t<\/div>\n\t\t\t\t\t<\/div>\n\t\t<\/section>\n\t\t\t\t<section class=\"elementor-section elementor-top-section elementor-element elementor-element-037c2ce elementor-section-boxed elementor-section-height-default elementor-section-height-default\" data-id=\"037c2ce\" data-element_type=\"section\">\n\t\t\t\t\t\t<div class=\"elementor-container elementor-column-gap-default\">\n\t\t\t\t\t<div class=\"elementor-column elementor-col-33 elementor-top-column elementor-element elementor-element-ec863f7\" data-id=\"ec863f7\" data-element_type=\"column\">\n\t\t\t<div class=\"elementor-widget-wrap elementor-element-populated\">\n\t\t\t\t\t\t<div class=\"elementor-element elementor-element-7b421a3 elementor-widget elementor-widget-text-editor\" data-id=\"7b421a3\" data-element_type=\"widget\" data-widget_type=\"text-editor.default\">\n\t\t\t\t<div class=\"elementor-widget-container\">\n\t\t\t\t\t\t\t\t\t<p><strong>En Mediterr\u00e1nean M\u00e1laga Coast, nos complace ofrecerles la prestaci\u00f3n de servicios de interiorismo para todo tipo de viviendas, desde apartamentos a villas.<\/strong><\/p><p>Nuestro equipo de dise\u00f1adores de interior, se dedica a dar vida a su visi\u00f3n, sea cual sea el estilo o la est\u00e9tica que busque.<\/p><p>Tanto si busca una reforma completa del dise\u00f1o de su interior, como si s\u00f3lo necesita unos pocos retoques para mejorar el aspecto y la funcionalidad de su espacio, tenemos todo lo que necesita.<\/p><p>Nuestro equipo de interioristas est\u00e1 formado por expertos.<\/p><p><strong><a href=\"https:\/\/www.dikaestudio.com\/\">Dika Studio<\/a><\/strong><\/p><p><strong><a href=\"https:\/\/escandidesign.com\/?lang=es\">Skandia Design<\/a><\/strong><\/p><p>Desde dise\u00f1os contempor\u00e1neos y modernos hasta estilos tradicionales, rusticos y cl\u00e1sicos, tenemos la experiencia y la creatividad necesarias para hacer que su espacio sea realmente suyo.<\/p><p>Estamos muy satisfechos de nuestra atenci\u00f3n al detalle y nuestro compromiso de calidad, y estamos convencidos de que nuestro enfoque personalizado del dise\u00f1o de interiores nos diferencia de la competencia. Desde la consulta inicial hasta los \u00faltimos retoques, colaboramos estrechamente con usted en cada paso del proceso para asegurarnos de que quede completamente satisfecho del resultado final.<\/p><p>\u00a0<\/p>\t\t\t\t\t\t\t\t<\/div>\n\t\t\t\t<\/div>\n\t\t\t\t\t<\/div>\n\t\t<\/div>\n\t\t\t\t<div class=\"elementor-column elementor-col-33 elementor-top-column elementor-element elementor-element-8e6a79e\" data-id=\"8e6a79e\" data-element_type=\"column\">\n\t\t\t<div class=\"elementor-widget-wrap elementor-element-populated\">\n\t\t\t\t\t\t<div class=\"elementor-element elementor-element-0195550 elementor-widget elementor-widget-heading\" data-id=\"0195550\" data-element_type=\"widget\" data-widget_type=\"heading.default\">\n\t\t\t\t<div class=\"elementor-widget-container\">\n\t\t\t\t\t<h2 class=\"elementor-heading-title elementor-size-default\">DIKA STUDIO<\/h2>\t\t\t\t<\/div>\n\t\t\t\t<\/div>\n\t\t\t\t<div class=\"elementor-element elementor-element-4077a66 elementor-widget elementor-widget-text-editor\" data-id=\"4077a66\" data-element_type=\"widget\" data-widget_type=\"text-editor.default\">\n\t\t\t\t<div class=\"elementor-widget-container\">\n\t\t\t\t\t\t\t\t\t<p><b>DIKA es un estudio creativo interdisciplinar<\/b> con tres \u00e1reas principales de actividad: <strong>Dise\u00f1o, Interiorismo y Arquitectura<\/strong> La creatividad con K es nuestro mejor diferencial.<\/p><p><strong>Nuestra filosof\u00eda de \u00abm\u00e1s con menos\u00bb nos lleva a defender la sostenibilidad en todas sus facetas: medioambiental, social y econ\u00f3mica.\u00a0<\/strong><\/p><p><strong>\u00a0<\/strong><\/p>\t\t\t\t\t\t\t\t<\/div>\n\t\t\t\t<\/div>\n\t\t\t\t<div class=\"elementor-element elementor-element-828619c elementor-widget elementor-widget-image\" data-id=\"828619c\" data-element_type=\"widget\" data-widget_type=\"image.default\">\n\t\t\t\t<div class=\"elementor-widget-container\">\n\t\t\t\t\t\t\t\t\t\t\t\t\t\t\t<img decoding=\"async\" width=\"1024\" height=\"683\" src=\"https:\/\/mediterraneanmalaga-coast.es\/wp-content\/uploads\/2023\/05\/DIKA-ESTUDIO-002-1024x683.jpg\" class=\"attachment-large size-large wp-image-23005\" alt=\"\" srcset=\"https:\/\/mediterraneanmalaga-coast.es\/wp-content\/uploads\/2023\/05\/DIKA-ESTUDIO-002-1024x683.jpg 1024w, https:\/\/mediterraneanmalaga-coast.es\/wp-content\/uploads\/2023\/05\/DIKA-ESTUDIO-002-300x200.jpg 300w, https:\/\/mediterraneanmalaga-coast.es\/wp-content\/uploads\/2023\/05\/DIKA-ESTUDIO-002-768x512.jpg 768w, https:\/\/mediterraneanmalaga-coast.es\/wp-content\/uploads\/2023\/05\/DIKA-ESTUDIO-002-105x70.jpg 105w, https:\/\/mediterraneanmalaga-coast.es\/wp-content\/uploads\/2023\/05\/DIKA-ESTUDIO-002.jpg 1500w\" sizes=\"(max-width: 1024px) 100vw, 1024px\" \/>\t\t\t\t\t\t\t\t\t\t\t\t\t\t\t<\/div>\n\t\t\t\t<\/div>\n\t\t\t\t\t<\/div>\n\t\t<\/div>\n\t\t\t\t<div class=\"elementor-column elementor-col-33 elementor-top-column elementor-element elementor-element-475e92c\" data-id=\"475e92c\" data-element_type=\"column\">\n\t\t\t<div class=\"elementor-widget-wrap elementor-element-populated\">\n\t\t\t\t\t\t<div class=\"elementor-element elementor-element-acdf9ed elementor-widget elementor-widget-heading\" data-id=\"acdf9ed\" data-element_type=\"widget\" data-widget_type=\"heading.default\">\n\t\t\t\t<div class=\"elementor-widget-container\">\n\t\t\t\t\t<h2 class=\"elementor-heading-title elementor-size-default\">ESKANDI DESIGN<\/h2>\t\t\t\t<\/div>\n\t\t\t\t<\/div>\n\t\t\t\t<div class=\"elementor-element elementor-element-823e639 elementor-widget elementor-widget-text-editor\" data-id=\"823e639\" data-element_type=\"widget\" data-widget_type=\"text-editor.default\">\n\t\t\t\t<div class=\"elementor-widget-container\">\n\t\t\t\t\t\t\t\t\t<p><strong>\u00a0Incre\u00edbles espacios vitales,<\/strong> nacen de nuestra pasi\u00f3n por el dise\u00f1o y la creaci\u00f3n de espacios sorprendentes.<\/p><p><strong>El amor por el buen Dise\u00f1o dio un gran paso cuando aterrizamos en la incre\u00edble Isla de Bali.<\/strong><\/p><p><strong> Encontramos este refugio con una mezcla entre dise\u00f1o moderno y materiales r\u00fasticos<\/strong> Inmediatamente descubrimos el potencial de traer a Europa estas piezas \u00fanicas y maravillosas de mobiliario y decoraci\u00f3n.<\/p>\t\t\t\t\t\t\t\t<\/div>\n\t\t\t\t<\/div>\n\t\t\t\t<div class=\"elementor-element elementor-element-32d70d9 elementor-widget elementor-widget-image\" data-id=\"32d70d9\" data-element_type=\"widget\" data-widget_type=\"image.default\">\n\t\t\t\t<div class=\"elementor-widget-container\">\n\t\t\t\t\t\t\t\t\t\t\t\t\t\t\t<img loading=\"lazy\" decoding=\"async\" width=\"683\" height=\"1024\" src=\"https:\/\/mediterraneanmalaga-coast.es\/wp-content\/uploads\/2023\/05\/Imagen-para-Skandi-683x1024.jpg\" class=\"attachment-large size-large wp-image-23006\" alt=\"\" srcset=\"https:\/\/mediterraneanmalaga-coast.es\/wp-content\/uploads\/2023\/05\/Imagen-para-Skandi-683x1024.jpg 683w, https:\/\/mediterraneanmalaga-coast.es\/wp-content\/uploads\/2023\/05\/Imagen-para-Skandi-200x300.jpg 200w, https:\/\/mediterraneanmalaga-coast.es\/wp-content\/uploads\/2023\/05\/Imagen-para-Skandi-768x1152.jpg 768w, https:\/\/mediterraneanmalaga-coast.es\/wp-content\/uploads\/2023\/05\/Imagen-para-Skandi-1024x1536.jpg 1024w, https:\/\/mediterraneanmalaga-coast.es\/wp-content\/uploads\/2023\/05\/Imagen-para-Skandi-1365x2048.jpg 1365w, https:\/\/mediterraneanmalaga-coast.es\/wp-content\/uploads\/2023\/05\/Imagen-para-Skandi-scaled.jpg 1707w\" sizes=\"(max-width: 683px) 100vw, 683px\" \/>\t\t\t\t\t\t\t\t\t\t\t\t\t\t\t<\/div>\n\t\t\t\t<\/div>\n\t\t\t\t\t<\/div>\n\t\t<\/div>\n\t\t\t\t\t<\/div>\n\t\t<\/section>\n\t\t\t\t<\/div>\n\t\t","protected":false},"excerpt":{"rendered":"<p>En Mediterr\u00e1nean M\u00e1laga Coast, nos complace ofrecerles la prestaci\u00f3n de servicios de interiorismo para todo tipo de viviendas, desde apartamentos a villas. Nuestro equipo de dise\u00f1adores de interior, se dedica a dar vida a su visi\u00f3n, sea cual sea el estilo o la est\u00e9tica que busque. Tanto si busca una reforma completa del dise\u00f1o de su interior, como si s\u00f3lo necesita unos pocos retoques &#8230;<\/p>\n","protected":false},"author":1,"featured_media":22998,"parent":0,"menu_order":0,"comment_status":"closed","ping_status":"closed","template":"","meta":{"inline_featured_image":false,"footnotes":""},"class_list":["post-23166","page","type-page","status-publish","has-post-thumbnail","hentry"],"yoast_head":"<!-- This site is optimized with the Yoast SEO plugin v25.9 - https:\/\/yoast.com\/wordpress\/plugins\/seo\/ -->\n<title>Dise\u00f1o de interiores - Mediterranean Malaga Coast<\/title>\n<meta name=\"robots\" content=\"index, follow, max-snippet:-1, max-image-preview:large, max-video-preview:-1\" \/>\n<link rel=\"canonical\" href=\"https:\/\/mediterraneanmalaga-coast.es\/es\/interiorism-designer\/\" \/>\n<meta property=\"og:locale\" content=\"es_ES\" \/>\n<meta property=\"og:type\" content=\"article\" \/>\n<meta property=\"og:title\" content=\"Dise\u00f1o de interiores - Mediterranean Malaga Coast\" \/>\n<meta property=\"og:description\" content=\"En Mediterr\u00e1nean M\u00e1laga Coast, nos complace ofrecerles la prestaci\u00f3n de servicios de interiorismo para todo tipo de viviendas, desde apartamentos a villas. Nuestro equipo de dise\u00f1adores de interior, se dedica a dar vida a su visi\u00f3n, sea cual sea el estilo o la est\u00e9tica que busque. Tanto si busca una reforma completa del dise\u00f1o de su interior, como si s\u00f3lo necesita unos pocos retoques ...\" \/>\n<meta property=\"og:url\" content=\"https:\/\/mediterraneanmalaga-coast.es\/es\/interiorism-designer\/\" \/>\n<meta property=\"og:site_name\" content=\"Mediterranean Malaga Coast\" \/>\n<meta property=\"article:modified_time\" content=\"2023-06-27T16:14:56+00:00\" \/>\n<meta property=\"og:image\" content=\"https:\/\/mediterraneanmalaga-coast.es\/wp-content\/uploads\/2023\/05\/portada-diseno-scaled.jpg\" \/>\n\t<meta property=\"og:image:width\" content=\"2560\" \/>\n\t<meta property=\"og:image:height\" content=\"1707\" \/>\n\t<meta property=\"og:image:type\" content=\"image\/jpeg\" \/>\n<meta name=\"twitter:card\" content=\"summary_large_image\" \/>\n<meta name=\"twitter:label1\" content=\"Tiempo de lectura\" \/>\n\t<meta name=\"twitter:data1\" content=\"2 minutos\" \/>\n<script type=\"application\/ld+json\" class=\"yoast-schema-graph\">{\"@context\":\"https:\/\/schema.org\",\"@graph\":[{\"@type\":\"WebPage\",\"@id\":\"https:\/\/mediterraneanmalaga-coast.es\/es\/interiorism-designer\/\",\"url\":\"https:\/\/mediterraneanmalaga-coast.es\/es\/interiorism-designer\/\",\"name\":\"Dise\u00f1o de interiores - Mediterranean Malaga Coast\",\"isPartOf\":{\"@id\":\"https:\/\/mediterraneanmalaga-coast.es\/es\/#website\"},\"primaryImageOfPage\":{\"@id\":\"https:\/\/mediterraneanmalaga-coast.es\/es\/interiorism-designer\/#primaryimage\"},\"image\":{\"@id\":\"https:\/\/mediterraneanmalaga-coast.es\/es\/interiorism-designer\/#primaryimage\"},\"thumbnailUrl\":\"https:\/\/mediterraneanmalaga-coast.es\/wp-content\/uploads\/2023\/05\/portada-diseno-scaled.jpg\",\"datePublished\":\"2023-04-21T14:49:54+00:00\",\"dateModified\":\"2023-06-27T16:14:56+00:00\",\"breadcrumb\":{\"@id\":\"https:\/\/mediterraneanmalaga-coast.es\/es\/interiorism-designer\/#breadcrumb\"},\"inLanguage\":\"es\",\"potentialAction\":[{\"@type\":\"ReadAction\",\"target\":[\"https:\/\/mediterraneanmalaga-coast.es\/es\/interiorism-designer\/\"]}]},{\"@type\":\"ImageObject\",\"inLanguage\":\"es\",\"@id\":\"https:\/\/mediterraneanmalaga-coast.es\/es\/interiorism-designer\/#primaryimage\",\"url\":\"https:\/\/mediterraneanmalaga-coast.es\/wp-content\/uploads\/2023\/05\/portada-diseno-scaled.jpg\",\"contentUrl\":\"https:\/\/mediterraneanmalaga-coast.es\/wp-content\/uploads\/2023\/05\/portada-diseno-scaled.jpg\",\"width\":2560,\"height\":1707,\"caption\":\"Unfinished interior design project of modern dining room with wooden furniture, lamps from top with blueprint and hand drawing sketch\"},{\"@type\":\"BreadcrumbList\",\"@id\":\"https:\/\/mediterraneanmalaga-coast.es\/es\/interiorism-designer\/#breadcrumb\",\"itemListElement\":[{\"@type\":\"ListItem\",\"position\":1,\"name\":\"Home\",\"item\":\"https:\/\/mediterraneanmalaga-coast.es\/es\/\"},{\"@type\":\"ListItem\",\"position\":2,\"name\":\"Dise\u00f1o de interiores\"}]},{\"@type\":\"WebSite\",\"@id\":\"https:\/\/mediterraneanmalaga-coast.es\/es\/#website\",\"url\":\"https:\/\/mediterraneanmalaga-coast.es\/es\/\",\"name\":\"Mediterranean Malaga Coast\",\"description\":\"Real Estate Consultant\",\"publisher\":{\"@id\":\"https:\/\/mediterraneanmalaga-coast.es\/es\/#organization\"},\"potentialAction\":[{\"@type\":\"SearchAction\",\"target\":{\"@type\":\"EntryPoint\",\"urlTemplate\":\"https:\/\/mediterraneanmalaga-coast.es\/es\/?s={search_term_string}\"},\"query-input\":{\"@type\":\"PropertyValueSpecification\",\"valueRequired\":true,\"valueName\":\"search_term_string\"}}],\"inLanguage\":\"es\"},{\"@type\":\"Organization\",\"@id\":\"https:\/\/mediterraneanmalaga-coast.es\/es\/#organization\",\"name\":\"Mediterranean Malaga Coast\",\"url\":\"https:\/\/mediterraneanmalaga-coast.es\/es\/\",\"logo\":{\"@type\":\"ImageObject\",\"inLanguage\":\"es\",\"@id\":\"https:\/\/mediterraneanmalaga-coast.es\/es\/#\/schema\/logo\/image\/\",\"url\":\"https:\/\/mediterraneanmalaga-coast.es\/wp-content\/uploads\/2023\/10\/logo-1-s.png\",\"contentUrl\":\"https:\/\/mediterraneanmalaga-coast.es\/wp-content\/uploads\/2023\/10\/logo-1-s.png\",\"width\":109,\"height\":68,\"caption\":\"Mediterranean Malaga Coast\"},\"image\":{\"@id\":\"https:\/\/mediterraneanmalaga-coast.es\/es\/#\/schema\/logo\/image\/\"}}]}<\/script>\n<!-- \/ Yoast SEO plugin. -->","yoast_head_json":{"title":"Dise\u00f1o de interiores - Mediterranean Malaga Coast","robots":{"index":"index","follow":"follow","max-snippet":"max-snippet:-1","max-image-preview":"max-image-preview:large","max-video-preview":"max-video-preview:-1"},"canonical":"https:\/\/mediterraneanmalaga-coast.es\/es\/interiorism-designer\/","og_locale":"es_ES","og_type":"article","og_title":"Dise\u00f1o de interiores - Mediterranean Malaga Coast","og_description":"En Mediterr\u00e1nean M\u00e1laga Coast, nos complace ofrecerles la prestaci\u00f3n de servicios de interiorismo para todo tipo de viviendas, desde apartamentos a villas. Nuestro equipo de dise\u00f1adores de interior, se dedica a dar vida a su visi\u00f3n, sea cual sea el estilo o la est\u00e9tica que busque. Tanto si busca una reforma completa del dise\u00f1o de su interior, como si s\u00f3lo necesita unos pocos retoques ...","og_url":"https:\/\/mediterraneanmalaga-coast.es\/es\/interiorism-designer\/","og_site_name":"Mediterranean Malaga Coast","article_modified_time":"2023-06-27T16:14:56+00:00","og_image":[{"width":2560,"height":1707,"url":"https:\/\/mediterraneanmalaga-coast.es\/wp-content\/uploads\/2023\/05\/portada-diseno-scaled.jpg","type":"image\/jpeg"}],"twitter_card":"summary_large_image","twitter_misc":{"Tiempo de lectura":"2 minutos"},"schema":{"@context":"https:\/\/schema.org","@graph":[{"@type":"WebPage","@id":"https:\/\/mediterraneanmalaga-coast.es\/es\/interiorism-designer\/","url":"https:\/\/mediterraneanmalaga-coast.es\/es\/interiorism-designer\/","name":"Dise\u00f1o de interiores - Mediterranean Malaga Coast","isPartOf":{"@id":"https:\/\/mediterraneanmalaga-coast.es\/es\/#website"},"primaryImageOfPage":{"@id":"https:\/\/mediterraneanmalaga-coast.es\/es\/interiorism-designer\/#primaryimage"},"image":{"@id":"https:\/\/mediterraneanmalaga-coast.es\/es\/interiorism-designer\/#primaryimage"},"thumbnailUrl":"https:\/\/mediterraneanmalaga-coast.es\/wp-content\/uploads\/2023\/05\/portada-diseno-scaled.jpg","datePublished":"2023-04-21T14:49:54+00:00","dateModified":"2023-06-27T16:14:56+00:00","breadcrumb":{"@id":"https:\/\/mediterraneanmalaga-coast.es\/es\/interiorism-designer\/#breadcrumb"},"inLanguage":"es","potentialAction":[{"@type":"ReadAction","target":["https:\/\/mediterraneanmalaga-coast.es\/es\/interiorism-designer\/"]}]},{"@type":"ImageObject","inLanguage":"es","@id":"https:\/\/mediterraneanmalaga-coast.es\/es\/interiorism-designer\/#primaryimage","url":"https:\/\/mediterraneanmalaga-coast.es\/wp-content\/uploads\/2023\/05\/portada-diseno-scaled.jpg","contentUrl":"https:\/\/mediterraneanmalaga-coast.es\/wp-content\/uploads\/2023\/05\/portada-diseno-scaled.jpg","width":2560,"height":1707,"caption":"Unfinished interior design project of modern dining room with wooden furniture, lamps from top with blueprint and hand drawing sketch"},{"@type":"BreadcrumbList","@id":"https:\/\/mediterraneanmalaga-coast.es\/es\/interiorism-designer\/#breadcrumb","itemListElement":[{"@type":"ListItem","position":1,"name":"Home","item":"https:\/\/mediterraneanmalaga-coast.es\/es\/"},{"@type":"ListItem","position":2,"name":"Dise\u00f1o de interiores"}]},{"@type":"WebSite","@id":"https:\/\/mediterraneanmalaga-coast.es\/es\/#website","url":"https:\/\/mediterraneanmalaga-coast.es\/es\/","name":"Mediterranean Malaga Coast","description":"Real Estate Consultant","publisher":{"@id":"https:\/\/mediterraneanmalaga-coast.es\/es\/#organization"},"potentialAction":[{"@type":"SearchAction","target":{"@type":"EntryPoint","urlTemplate":"https:\/\/mediterraneanmalaga-coast.es\/es\/?s={search_term_string}"},"query-input":{"@type":"PropertyValueSpecification","valueRequired":true,"valueName":"search_term_string"}}],"inLanguage":"es"},{"@type":"Organization","@id":"https:\/\/mediterraneanmalaga-coast.es\/es\/#organization","name":"Mediterranean Malaga Coast","url":"https:\/\/mediterraneanmalaga-coast.es\/es\/","logo":{"@type":"ImageObject","inLanguage":"es","@id":"https:\/\/mediterraneanmalaga-coast.es\/es\/#\/schema\/logo\/image\/","url":"https:\/\/mediterraneanmalaga-coast.es\/wp-content\/uploads\/2023\/10\/logo-1-s.png","contentUrl":"https:\/\/mediterraneanmalaga-coast.es\/wp-content\/uploads\/2023\/10\/logo-1-s.png","width":109,"height":68,"caption":"Mediterranean Malaga Coast"},"image":{"@id":"https:\/\/mediterraneanmalaga-coast.es\/es\/#\/schema\/logo\/image\/"}}]}},"_links":{"self":[{"href":"https:\/\/mediterraneanmalaga-coast.es\/es\/wp-json\/wp\/v2\/pages\/23166","targetHints":{"allow":["GET"]}}],"collection":[{"href":"https:\/\/mediterraneanmalaga-coast.es\/es\/wp-json\/wp\/v2\/pages"}],"about":[{"href":"https:\/\/mediterraneanmalaga-coast.es\/es\/wp-json\/wp\/v2\/types\/page"}],"author":[{"embeddable":true,"href":"https:\/\/mediterraneanmalaga-coast.es\/es\/wp-json\/wp\/v2\/users\/1"}],"replies":[{"embeddable":true,"href":"https:\/\/mediterraneanmalaga-coast.es\/es\/wp-json\/wp\/v2\/comments?post=23166"}],"version-history":[{"count":0,"href":"https:\/\/mediterraneanmalaga-coast.es\/es\/wp-json\/wp\/v2\/pages\/23166\/revisions"}],"wp:featuredmedia":[{"embeddable":true,"href":"https:\/\/mediterraneanmalaga-coast.es\/es\/wp-json\/wp\/v2\/media\/22998"}],"wp:attachment":[{"href":"https:\/\/mediterraneanmalaga-coast.es\/es\/wp-json\/wp\/v2\/media?parent=23166"}],"curies":[{"name":"wp","href":"https:\/\/api.w.org\/{rel}","templated":true}]}}