{"id":23145,"date":"2023-05-21T14:22:29","date_gmt":"2023-05-21T14:22:29","guid":{"rendered":"https:\/\/mediterraneanmalaga-coast.es\/about-us\/"},"modified":"2025-09-18T15:48:45","modified_gmt":"2025-09-18T13:48:45","slug":"consultora-inmobiliaria-2","status":"publish","type":"page","link":"https:\/\/mediterraneanmalaga-coast.es\/es\/consultora-inmobiliaria-2\/","title":{"rendered":"Acerca de nosotros"},"content":{"rendered":"\t\t<div data-elementor-type=\"wp-page\" data-elementor-id=\"23145\" class=\"elementor elementor-23145 elementor-22354\">\n\t\t\t\t\t\t<section class=\"elementor-section elementor-top-section elementor-element elementor-element-74192bcc elementor-section-boxed elementor-section-height-default elementor-section-height-default\" data-id=\"74192bcc\" data-element_type=\"section\">\n\t\t\t\t\t\t<div class=\"elementor-container elementor-column-gap-default\">\n\t\t\t\t\t<div class=\"elementor-column elementor-col-100 elementor-top-column elementor-element elementor-element-46ab1322\" data-id=\"46ab1322\" data-element_type=\"column\">\n\t\t\t<div class=\"elementor-widget-wrap elementor-element-populated\">\n\t\t\t\t\t\t<div class=\"elementor-element elementor-element-445a2ae9 elementor-widget elementor-widget-text-editor\" data-id=\"445a2ae9\" data-element_type=\"widget\" data-widget_type=\"text-editor.default\">\n\t\t\t\t<div class=\"elementor-widget-container\">\n\t\t\t\t\t\t\t\t\t<p>Como<strong> consultores inmobiliarios con amplia experiencia en el sector, estamos altamente cualificados para ayudarle a tomar decisiones acertadas en sus inversiones inmobiliarias.<\/strong><\/p><p>Nuestros servicios incluyen an\u00e1lisis de mercado, valoraci\u00f3n de propiedades, gesti\u00f3n de inversiones inmobiliarias, posventa y fiscalidad.<\/p><p><strong>Interiorismo y reformas.<\/strong><\/p>\t\t\t\t\t\t\t\t<\/div>\n\t\t\t\t<\/div>\n\t\t\t\t\t<\/div>\n\t\t<\/div>\n\t\t\t\t\t<\/div>\n\t\t<\/section>\n\t\t\t\t<section class=\"elementor-section elementor-top-section elementor-element elementor-element-22a4609 elementor-section-boxed elementor-section-height-default elementor-section-height-default\" data-id=\"22a4609\" data-element_type=\"section\">\n\t\t\t\t\t\t<div class=\"elementor-container elementor-column-gap-default\">\n\t\t\t\t\t<div class=\"elementor-column elementor-col-100 elementor-top-column elementor-element elementor-element-91b323a\" data-id=\"91b323a\" data-element_type=\"column\">\n\t\t\t<div class=\"elementor-widget-wrap elementor-element-populated\">\n\t\t\t\t\t\t<section class=\"elementor-section elementor-inner-section elementor-element elementor-element-d5dfdbb elementor-section-boxed elementor-section-height-default elementor-section-height-default\" data-id=\"d5dfdbb\" data-element_type=\"section\">\n\t\t\t\t\t\t<div class=\"elementor-container elementor-column-gap-default\">\n\t\t\t\t\t<div class=\"elementor-column elementor-col-50 elementor-inner-column elementor-element elementor-element-f93b7d6\" data-id=\"f93b7d6\" data-element_type=\"column\">\n\t\t\t<div class=\"elementor-widget-wrap elementor-element-populated\">\n\t\t\t\t\t\t<div class=\"elementor-element elementor-element-6054ae4 elementor-widget elementor-widget-text-editor\" data-id=\"6054ae4\" data-element_type=\"widget\" data-widget_type=\"text-editor.default\">\n\t\t\t\t<div class=\"elementor-widget-container\">\n\t\t\t\t\t\t\t\t\t<p>A <strong>lo largo de nuestra carrera profesional hemos participado en una amplia gama de negocios inmobili<\/strong>arios, incluyendo la compra y venta de diferentes tipos de propiedades.<\/p><p><strong>Obra nueva: sobre plano y en construcci\u00f3n, residencias de lujo, viviendas de segunda mano o inmuebles para reformar.<\/strong><strong>Gracias a esta experiencia, nos ha proporcionado un pleno<\/strong> conocimiento de las complejidades y particularidades de cada una de ellas.<\/p><p><strong>Una de nuestras ventajas distintivas es nuestro completo conocimiento de la regi\u00f3n de la Costa del<\/strong> Sol. Hemos trabajado y vivido en diferentes lugares de La Costa a lo largo de los a\u00f1os, adquiriendo un profundo conocimiento de las caracter\u00edsticas \u00fanicas, ofertas y sutilezas de cada zona.<\/p><p><strong>Nuestra pasi\u00f3n por lograr los mejores resultados garantiza que actuemos siempre de forma \u00e9tica y neutral<\/strong>.<\/p><p><strong>Ayudamos a nuestros clientes a tomar sus propias decisiones en funci\u00f3n de sus preferencias,<\/strong> asesor\u00e1ndoles sobre la realidad existente en la zona donde desean adquirir su vivienda.<\/p><p>En Mediterranea Malaga Coast, nos esforzamos por ofrecer un servicio y orientaci\u00f3n excepcionales a nuestros clientes.<\/p><p>Esperamos con inter\u00e9s trabajar con usted y ser su agente de bienes ra\u00edces de confianza a lo largo de su viaje de bienes ra\u00edces.<\/p>\t\t\t\t\t\t\t\t<\/div>\n\t\t\t\t<\/div>\n\t\t\t\t\t<\/div>\n\t\t<\/div>\n\t\t\t\t<div class=\"elementor-column elementor-col-50 elementor-inner-column elementor-element elementor-element-3613615\" data-id=\"3613615\" data-element_type=\"column\">\n\t\t\t<div class=\"elementor-widget-wrap elementor-element-populated\">\n\t\t\t\t\t\t<div class=\"elementor-element elementor-element-2e3fcf3 elementor-widget elementor-widget-image\" data-id=\"2e3fcf3\" data-element_type=\"widget\" data-widget_type=\"image.default\">\n\t\t\t\t<div class=\"elementor-widget-container\">\n\t\t\t\t\t\t\t\t\t\t\t\t\t\t\t<img fetchpriority=\"high\" decoding=\"async\" width=\"698\" height=\"1024\" src=\"https:\/\/mediterraneanmalaga-coast.es\/wp-content\/uploads\/2023\/11\/Real-Estate-698x1024.jpg\" class=\"attachment-large size-large wp-image-27154\" alt=\"\" srcset=\"https:\/\/mediterraneanmalaga-coast.es\/wp-content\/uploads\/2023\/11\/Real-Estate-698x1024.jpg 698w, https:\/\/mediterraneanmalaga-coast.es\/wp-content\/uploads\/2023\/11\/Real-Estate-205x300.jpg 205w, https:\/\/mediterraneanmalaga-coast.es\/wp-content\/uploads\/2023\/11\/Real-Estate-768x1126.jpg 768w, https:\/\/mediterraneanmalaga-coast.es\/wp-content\/uploads\/2023\/11\/Real-Estate-1047x1536.jpg 1047w, https:\/\/mediterraneanmalaga-coast.es\/wp-content\/uploads\/2023\/11\/Real-Estate-1396x2048.jpg 1396w, https:\/\/mediterraneanmalaga-coast.es\/wp-content\/uploads\/2023\/11\/Real-Estate.jpg 1500w\" sizes=\"(max-width: 698px) 100vw, 698px\" \/>\t\t\t\t\t\t\t\t\t\t\t\t\t\t\t<\/div>\n\t\t\t\t<\/div>\n\t\t\t\t<section class=\"elementor-section elementor-inner-section elementor-element elementor-element-2150cf2 elementor-section-boxed elementor-section-height-default elementor-section-height-default\" data-id=\"2150cf2\" data-element_type=\"section\">\n\t\t\t\t\t\t<div class=\"elementor-container elementor-column-gap-default\">\n\t\t\t\t\t<div class=\"elementor-column elementor-col-100 elementor-inner-column elementor-element elementor-element-654d63c\" data-id=\"654d63c\" data-element_type=\"column\">\n\t\t\t<div class=\"elementor-widget-wrap elementor-element-populated\">\n\t\t\t\t\t\t<div class=\"elementor-element elementor-element-c090427 elementor-widget elementor-widget-heading\" data-id=\"c090427\" data-element_type=\"widget\" data-widget_type=\"heading.default\">\n\t\t\t\t<div class=\"elementor-widget-container\">\n\t\t\t\t\t<h2 class=\"elementor-heading-title elementor-size-default\">Victoria S\u00e1nchez Rajula Consejera Delegada<\/h2>\t\t\t\t<\/div>\n\t\t\t\t<\/div>\n\t\t\t\t\t<\/div>\n\t\t<\/div>\n\t\t\t\t\t<\/div>\n\t\t<\/section>\n\t\t\t\t\t<\/div>\n\t\t<\/div>\n\t\t\t\t\t<\/div>\n\t\t<\/section>\n\t\t\t\t<section class=\"elementor-section elementor-inner-section elementor-element elementor-element-e981cdf elementor-section-boxed elementor-section-height-default elementor-section-height-default\" data-id=\"e981cdf\" data-element_type=\"section\">\n\t\t\t\t\t\t<div class=\"elementor-container elementor-column-gap-default\">\n\t\t\t\t\t<div class=\"elementor-column elementor-col-50 elementor-inner-column elementor-element elementor-element-f81c88c\" data-id=\"f81c88c\" data-element_type=\"column\">\n\t\t\t<div class=\"elementor-widget-wrap\">\n\t\t\t\t\t\t\t<\/div>\n\t\t<\/div>\n\t\t\t\t<div class=\"elementor-column elementor-col-50 elementor-inner-column elementor-element elementor-element-2e3d029\" data-id=\"2e3d029\" data-element_type=\"column\">\n\t\t\t<div class=\"elementor-widget-wrap\">\n\t\t\t\t\t\t\t<\/div>\n\t\t<\/div>\n\t\t\t\t\t<\/div>\n\t\t<\/section>\n\t\t\t\t\t<\/div>\n\t\t<\/div>\n\t\t\t\t\t<\/div>\n\t\t<\/section>\n\t\t\t\t<\/div>\n\t\t","protected":false},"excerpt":{"rendered":"<p>Como consultores inmobiliarios con amplia experiencia en el sector, estamos altamente cualificados para ayudarle a tomar decisiones acertadas en sus inversiones inmobiliarias. Nuestros servicios incluyen an\u00e1lisis de mercado, valoraci\u00f3n de propiedades, gesti\u00f3n de inversiones inmobiliarias, posventa y fiscalidad. Interiorismo y reformas. A lo largo de nuestra carrera profesional hemos participado en una amplia gama de negocios inmobiliarios, incluyendo la compra y venta de diferentes &#8230;<\/p>\n","protected":false},"author":1,"featured_media":0,"parent":0,"menu_order":0,"comment_status":"closed","ping_status":"closed","template":"","meta":{"inline_featured_image":false,"footnotes":""},"class_list":["post-23145","page","type-page","status-publish","hentry"],"yoast_head":"<!-- This site is optimized with the Yoast SEO plugin v25.9 - https:\/\/yoast.com\/wordpress\/plugins\/seo\/ -->\n<title>Acerca de nosotros - Mediterranean Malaga Coast<\/title>\n<meta name=\"robots\" content=\"index, follow, max-snippet:-1, max-image-preview:large, max-video-preview:-1\" \/>\n<link rel=\"canonical\" href=\"https:\/\/mediterraneanmalaga-coast.es\/es\/consultora-inmobiliaria-2\/\" \/>\n<meta property=\"og:locale\" content=\"es_ES\" \/>\n<meta property=\"og:type\" content=\"article\" \/>\n<meta property=\"og:title\" content=\"Acerca de nosotros - Mediterranean Malaga Coast\" \/>\n<meta property=\"og:description\" content=\"Como consultores inmobiliarios con amplia experiencia en el sector, estamos altamente cualificados para ayudarle a tomar decisiones acertadas en sus inversiones inmobiliarias. Nuestros servicios incluyen an\u00e1lisis de mercado, valoraci\u00f3n de propiedades, gesti\u00f3n de inversiones inmobiliarias, posventa y fiscalidad. Interiorismo y reformas. A lo largo de nuestra carrera profesional hemos participado en una amplia gama de negocios inmobiliarios, incluyendo la compra y venta de diferentes ...\" \/>\n<meta property=\"og:url\" content=\"https:\/\/mediterraneanmalaga-coast.es\/es\/consultora-inmobiliaria-2\/\" \/>\n<meta property=\"og:site_name\" content=\"Mediterranean Malaga Coast\" \/>\n<meta property=\"article:modified_time\" content=\"2025-09-18T13:48:45+00:00\" \/>\n<meta property=\"og:image\" content=\"https:\/\/mediterraneanmalaga-coast.es\/wp-content\/uploads\/2023\/11\/Real-Estate-698x1024.jpg\" \/>\n<meta name=\"twitter:card\" content=\"summary_large_image\" \/>\n<meta name=\"twitter:label1\" content=\"Tiempo de lectura\" \/>\n\t<meta name=\"twitter:data1\" content=\"1 minuto\" \/>\n<script type=\"application\/ld+json\" class=\"yoast-schema-graph\">{\"@context\":\"https:\/\/schema.org\",\"@graph\":[{\"@type\":\"WebPage\",\"@id\":\"https:\/\/mediterraneanmalaga-coast.es\/es\/consultora-inmobiliaria-2\/\",\"url\":\"https:\/\/mediterraneanmalaga-coast.es\/es\/consultora-inmobiliaria-2\/\",\"name\":\"Acerca de nosotros - Mediterranean Malaga Coast\",\"isPartOf\":{\"@id\":\"https:\/\/mediterraneanmalaga-coast.es\/es\/#website\"},\"primaryImageOfPage\":{\"@id\":\"https:\/\/mediterraneanmalaga-coast.es\/es\/consultora-inmobiliaria-2\/#primaryimage\"},\"image\":{\"@id\":\"https:\/\/mediterraneanmalaga-coast.es\/es\/consultora-inmobiliaria-2\/#primaryimage\"},\"thumbnailUrl\":\"https:\/\/mediterraneanmalaga-coast.es\/wp-content\/uploads\/2023\/11\/Real-Estate-698x1024.jpg\",\"datePublished\":\"2023-05-21T14:22:29+00:00\",\"dateModified\":\"2025-09-18T13:48:45+00:00\",\"breadcrumb\":{\"@id\":\"https:\/\/mediterraneanmalaga-coast.es\/es\/consultora-inmobiliaria-2\/#breadcrumb\"},\"inLanguage\":\"es\",\"potentialAction\":[{\"@type\":\"ReadAction\",\"target\":[\"https:\/\/mediterraneanmalaga-coast.es\/es\/consultora-inmobiliaria-2\/\"]}]},{\"@type\":\"ImageObject\",\"inLanguage\":\"es\",\"@id\":\"https:\/\/mediterraneanmalaga-coast.es\/es\/consultora-inmobiliaria-2\/#primaryimage\",\"url\":\"https:\/\/mediterraneanmalaga-coast.es\/wp-content\/uploads\/2023\/11\/Real-Estate-698x1024.jpg\",\"contentUrl\":\"https:\/\/mediterraneanmalaga-coast.es\/wp-content\/uploads\/2023\/11\/Real-Estate-698x1024.jpg\"},{\"@type\":\"BreadcrumbList\",\"@id\":\"https:\/\/mediterraneanmalaga-coast.es\/es\/consultora-inmobiliaria-2\/#breadcrumb\",\"itemListElement\":[{\"@type\":\"ListItem\",\"position\":1,\"name\":\"Home\",\"item\":\"https:\/\/mediterraneanmalaga-coast.es\/es\/\"},{\"@type\":\"ListItem\",\"position\":2,\"name\":\"Acerca de nosotros\"}]},{\"@type\":\"WebSite\",\"@id\":\"https:\/\/mediterraneanmalaga-coast.es\/es\/#website\",\"url\":\"https:\/\/mediterraneanmalaga-coast.es\/es\/\",\"name\":\"Mediterranean Malaga Coast\",\"description\":\"Real Estate Consultant\",\"publisher\":{\"@id\":\"https:\/\/mediterraneanmalaga-coast.es\/es\/#organization\"},\"potentialAction\":[{\"@type\":\"SearchAction\",\"target\":{\"@type\":\"EntryPoint\",\"urlTemplate\":\"https:\/\/mediterraneanmalaga-coast.es\/es\/?s={search_term_string}\"},\"query-input\":{\"@type\":\"PropertyValueSpecification\",\"valueRequired\":true,\"valueName\":\"search_term_string\"}}],\"inLanguage\":\"es\"},{\"@type\":\"Organization\",\"@id\":\"https:\/\/mediterraneanmalaga-coast.es\/es\/#organization\",\"name\":\"Mediterranean Malaga Coast\",\"url\":\"https:\/\/mediterraneanmalaga-coast.es\/es\/\",\"logo\":{\"@type\":\"ImageObject\",\"inLanguage\":\"es\",\"@id\":\"https:\/\/mediterraneanmalaga-coast.es\/es\/#\/schema\/logo\/image\/\",\"url\":\"https:\/\/mediterraneanmalaga-coast.es\/wp-content\/uploads\/2023\/10\/logo-1-s.png\",\"contentUrl\":\"https:\/\/mediterraneanmalaga-coast.es\/wp-content\/uploads\/2023\/10\/logo-1-s.png\",\"width\":109,\"height\":68,\"caption\":\"Mediterranean Malaga Coast\"},\"image\":{\"@id\":\"https:\/\/mediterraneanmalaga-coast.es\/es\/#\/schema\/logo\/image\/\"}}]}<\/script>\n<!-- \/ Yoast SEO plugin. -->","yoast_head_json":{"title":"Acerca de nosotros - Mediterranean Malaga Coast","robots":{"index":"index","follow":"follow","max-snippet":"max-snippet:-1","max-image-preview":"max-image-preview:large","max-video-preview":"max-video-preview:-1"},"canonical":"https:\/\/mediterraneanmalaga-coast.es\/es\/consultora-inmobiliaria-2\/","og_locale":"es_ES","og_type":"article","og_title":"Acerca de nosotros - Mediterranean Malaga Coast","og_description":"Como consultores inmobiliarios con amplia experiencia en el sector, estamos altamente cualificados para ayudarle a tomar decisiones acertadas en sus inversiones inmobiliarias. Nuestros servicios incluyen an\u00e1lisis de mercado, valoraci\u00f3n de propiedades, gesti\u00f3n de inversiones inmobiliarias, posventa y fiscalidad. Interiorismo y reformas. A lo largo de nuestra carrera profesional hemos participado en una amplia gama de negocios inmobiliarios, incluyendo la compra y venta de diferentes ...","og_url":"https:\/\/mediterraneanmalaga-coast.es\/es\/consultora-inmobiliaria-2\/","og_site_name":"Mediterranean Malaga Coast","article_modified_time":"2025-09-18T13:48:45+00:00","og_image":[{"url":"https:\/\/mediterraneanmalaga-coast.es\/wp-content\/uploads\/2023\/11\/Real-Estate-698x1024.jpg","type":"","width":"","height":""}],"twitter_card":"summary_large_image","twitter_misc":{"Tiempo de lectura":"1 minuto"},"schema":{"@context":"https:\/\/schema.org","@graph":[{"@type":"WebPage","@id":"https:\/\/mediterraneanmalaga-coast.es\/es\/consultora-inmobiliaria-2\/","url":"https:\/\/mediterraneanmalaga-coast.es\/es\/consultora-inmobiliaria-2\/","name":"Acerca de nosotros - Mediterranean Malaga Coast","isPartOf":{"@id":"https:\/\/mediterraneanmalaga-coast.es\/es\/#website"},"primaryImageOfPage":{"@id":"https:\/\/mediterraneanmalaga-coast.es\/es\/consultora-inmobiliaria-2\/#primaryimage"},"image":{"@id":"https:\/\/mediterraneanmalaga-coast.es\/es\/consultora-inmobiliaria-2\/#primaryimage"},"thumbnailUrl":"https:\/\/mediterraneanmalaga-coast.es\/wp-content\/uploads\/2023\/11\/Real-Estate-698x1024.jpg","datePublished":"2023-05-21T14:22:29+00:00","dateModified":"2025-09-18T13:48:45+00:00","breadcrumb":{"@id":"https:\/\/mediterraneanmalaga-coast.es\/es\/consultora-inmobiliaria-2\/#breadcrumb"},"inLanguage":"es","potentialAction":[{"@type":"ReadAction","target":["https:\/\/mediterraneanmalaga-coast.es\/es\/consultora-inmobiliaria-2\/"]}]},{"@type":"ImageObject","inLanguage":"es","@id":"https:\/\/mediterraneanmalaga-coast.es\/es\/consultora-inmobiliaria-2\/#primaryimage","url":"https:\/\/mediterraneanmalaga-coast.es\/wp-content\/uploads\/2023\/11\/Real-Estate-698x1024.jpg","contentUrl":"https:\/\/mediterraneanmalaga-coast.es\/wp-content\/uploads\/2023\/11\/Real-Estate-698x1024.jpg"},{"@type":"BreadcrumbList","@id":"https:\/\/mediterraneanmalaga-coast.es\/es\/consultora-inmobiliaria-2\/#breadcrumb","itemListElement":[{"@type":"ListItem","position":1,"name":"Home","item":"https:\/\/mediterraneanmalaga-coast.es\/es\/"},{"@type":"ListItem","position":2,"name":"Acerca de nosotros"}]},{"@type":"WebSite","@id":"https:\/\/mediterraneanmalaga-coast.es\/es\/#website","url":"https:\/\/mediterraneanmalaga-coast.es\/es\/","name":"Mediterranean Malaga Coast","description":"Real Estate Consultant","publisher":{"@id":"https:\/\/mediterraneanmalaga-coast.es\/es\/#organization"},"potentialAction":[{"@type":"SearchAction","target":{"@type":"EntryPoint","urlTemplate":"https:\/\/mediterraneanmalaga-coast.es\/es\/?s={search_term_string}"},"query-input":{"@type":"PropertyValueSpecification","valueRequired":true,"valueName":"search_term_string"}}],"inLanguage":"es"},{"@type":"Organization","@id":"https:\/\/mediterraneanmalaga-coast.es\/es\/#organization","name":"Mediterranean Malaga Coast","url":"https:\/\/mediterraneanmalaga-coast.es\/es\/","logo":{"@type":"ImageObject","inLanguage":"es","@id":"https:\/\/mediterraneanmalaga-coast.es\/es\/#\/schema\/logo\/image\/","url":"https:\/\/mediterraneanmalaga-coast.es\/wp-content\/uploads\/2023\/10\/logo-1-s.png","contentUrl":"https:\/\/mediterraneanmalaga-coast.es\/wp-content\/uploads\/2023\/10\/logo-1-s.png","width":109,"height":68,"caption":"Mediterranean Malaga Coast"},"image":{"@id":"https:\/\/mediterraneanmalaga-coast.es\/es\/#\/schema\/logo\/image\/"}}]}},"_links":{"self":[{"href":"https:\/\/mediterraneanmalaga-coast.es\/es\/wp-json\/wp\/v2\/pages\/23145","targetHints":{"allow":["GET"]}}],"collection":[{"href":"https:\/\/mediterraneanmalaga-coast.es\/es\/wp-json\/wp\/v2\/pages"}],"about":[{"href":"https:\/\/mediterraneanmalaga-coast.es\/es\/wp-json\/wp\/v2\/types\/page"}],"author":[{"embeddable":true,"href":"https:\/\/mediterraneanmalaga-coast.es\/es\/wp-json\/wp\/v2\/users\/1"}],"replies":[{"embeddable":true,"href":"https:\/\/mediterraneanmalaga-coast.es\/es\/wp-json\/wp\/v2\/comments?post=23145"}],"version-history":[{"count":2,"href":"https:\/\/mediterraneanmalaga-coast.es\/es\/wp-json\/wp\/v2\/pages\/23145\/revisions"}],"predecessor-version":[{"id":28225,"href":"https:\/\/mediterraneanmalaga-coast.es\/es\/wp-json\/wp\/v2\/pages\/23145\/revisions\/28225"}],"wp:attachment":[{"href":"https:\/\/mediterraneanmalaga-coast.es\/es\/wp-json\/wp\/v2\/media?parent=23145"}],"curies":[{"name":"wp","href":"https:\/\/api.w.org\/{rel}","templated":true}]}}